{"id":112,"date":"2024-05-14T07:17:51","date_gmt":"2024-05-14T07:17:51","guid":{"rendered":"http:\/\/localhost:8080\/?post_type=product&#038;p=112"},"modified":"2025-04-24T02:23:03","modified_gmt":"2025-04-23T19:23:03","slug":"good-gin-2","status":"publish","type":"product","link":"https:\/\/ve-de-di.com\/en\/shop\/spirits\/good-gin-2\/","title":{"rendered":"Cr\u00e8me de Cacao"},"content":{"rendered":"<p>Pure Vietnamese single origin liqueur, made only from Th\u00e1i B\u00ecnh rice, Ngh\u1ec7 An sugarcane, and Marou L\u00e2m \u0110\u1ed3ng cacao nibs. A remarkable liqueur to enjoy over ice, straight or to make definitive versions of your favourite decadent chocolate infused drinks.<\/p>\n<p><!-- Th\u00eam m\u1ed9t \u0111o\u1ea1n div v\u1edbi kho\u1ea3ng c\u00e1ch \u0111\u01b0\u1ee3c co l\u1ea1i --><\/p>\n<div style=\"margin-top: 15px; font-family: helvetica, arial, sans-serif; font-size: 11pt;\"><em>Production and bottling company: GRAIN TO GLASS CRAFT LIQUOR COMPANY LIMITED <\/em><br \/>\n<em>Ingredients: Rice liquor, cacao nibs, cane sugar. <\/em><br \/>\n<em>Ethanol content: 29.0% vol <\/em><br \/>\n<em>Origin: Vietnam<\/em><\/div>\n","protected":false},"excerpt":{"rendered":"<p>Pure Vietnamese single origin liqueur, made only from Th\u00e1i B\u00ecnh rice, Ngh\u1ec7 An sugarcane, and Marou L\u00e2m \u0110\u1ed3ng cacao nibs. A remarkable liqueur to enjoy over ice, straight or to make definitive versions of your favourite decadent chocolate infused drinks.<\/p>\n","protected":false},"featured_media":769,"comment_status":"open","ping_status":"closed","template":"","meta":{"_acf_changed":false},"product_cat":[29],"product_tag":[],"acf":[],"_links":{"self":[{"href":"https:\/\/ve-de-di.com\/en\/wp-json\/wp\/v2\/product\/112"}],"collection":[{"href":"https:\/\/ve-de-di.com\/en\/wp-json\/wp\/v2\/product"}],"about":[{"href":"https:\/\/ve-de-di.com\/en\/wp-json\/wp\/v2\/types\/product"}],"replies":[{"embeddable":true,"href":"https:\/\/ve-de-di.com\/en\/wp-json\/wp\/v2\/comments?post=112"}],"wp:featuredmedia":[{"embeddable":true,"href":"https:\/\/ve-de-di.com\/en\/wp-json\/wp\/v2\/media\/769"}],"wp:attachment":[{"href":"https:\/\/ve-de-di.com\/en\/wp-json\/wp\/v2\/media?parent=112"}],"wp:term":[{"taxonomy":"product_cat","embeddable":true,"href":"https:\/\/ve-de-di.com\/en\/wp-json\/wp\/v2\/product_cat?post=112"},{"taxonomy":"product_tag","embeddable":true,"href":"https:\/\/ve-de-di.com\/en\/wp-json\/wp\/v2\/product_tag?post=112"}],"curies":[{"name":"wp","href":"https:\/\/api.w.org\/{rel}","templated":true}]}}