{"id":213,"date":"2024-05-20T08:08:18","date_gmt":"2024-05-20T08:08:18","guid":{"rendered":"http:\/\/localhost:8080\/?post_type=product&#038;p=213"},"modified":"2025-04-24T02:21:14","modified_gmt":"2025-04-23T19:21:14","slug":"creme-de-coconut","status":"publish","type":"product","link":"https:\/\/ve-de-di.com\/en\/shop\/spirits\/creme-de-coconut\/","title":{"rendered":"Cr\u00e8me de Coconut"},"content":{"rendered":"<p>Pure Vietnamese single origin liqueur, made only from Th\u00e1i B\u00ecnh rice, Ngh\u1ec7 An sugarcane, and B\u1ebfn Tre coconuts<\/p>\n<p>A lush liqueur with a taste of the tropics.<\/p>\n<p>Enjoy over ice, straight or to make definitive versions of your favourite decadent coconut infused drinks.<\/p>\n<p>This is our first rum, It\u2019s the right rum.<\/p>\n<p><!-- Th\u00eam m\u1ed9t \u0111o\u1ea1n div v\u1edbi kho\u1ea3ng c\u00e1ch \u0111\u01b0\u1ee3c co l\u1ea1i --><\/p>\n<div style=\"margin-top: 15px; font-family: helvetica, arial, sans-serif; font-size: 11pt;\"><em>Production and bottling company: GRAIN TO GLASS CRAFT LIQUOR COMPANY LIMITED <\/em><br \/>\n<em>Ingredients: Rice liquor, coconut and cane sugar. <\/em><br \/>\n<em>Ethanol content: 29.0% vol <\/em><br \/>\n<em>Origin: Vietnam<\/em><\/div>\n","protected":false},"excerpt":{"rendered":"<p>Pure Vietnamese single origin liqueur, made only from Th\u00e1i B\u00ecnh rice, Ngh\u1ec7 An sugarcane, and B\u1ebfn Tre coconuts. A lush liqueur with a taste of the tropics. Enjoy over ice, straight or to make definitive versions of your favourite decadent coconut infused drinks. This is our first rum, It\u2019s the right rum.<\/p>\n","protected":false},"featured_media":774,"comment_status":"open","ping_status":"closed","template":"","meta":{"_acf_changed":false},"product_cat":[29],"product_tag":[],"acf":[],"_links":{"self":[{"href":"https:\/\/ve-de-di.com\/en\/wp-json\/wp\/v2\/product\/213"}],"collection":[{"href":"https:\/\/ve-de-di.com\/en\/wp-json\/wp\/v2\/product"}],"about":[{"href":"https:\/\/ve-de-di.com\/en\/wp-json\/wp\/v2\/types\/product"}],"replies":[{"embeddable":true,"href":"https:\/\/ve-de-di.com\/en\/wp-json\/wp\/v2\/comments?post=213"}],"wp:featuredmedia":[{"embeddable":true,"href":"https:\/\/ve-de-di.com\/en\/wp-json\/wp\/v2\/media\/774"}],"wp:attachment":[{"href":"https:\/\/ve-de-di.com\/en\/wp-json\/wp\/v2\/media?parent=213"}],"wp:term":[{"taxonomy":"product_cat","embeddable":true,"href":"https:\/\/ve-de-di.com\/en\/wp-json\/wp\/v2\/product_cat?post=213"},{"taxonomy":"product_tag","embeddable":true,"href":"https:\/\/ve-de-di.com\/en\/wp-json\/wp\/v2\/product_tag?post=213"}],"curies":[{"name":"wp","href":"https:\/\/api.w.org\/{rel}","templated":true}]}}