{"id":637,"date":"2024-06-14T15:57:16","date_gmt":"2024-06-14T08:57:16","guid":{"rendered":"http:\/\/localhost:8080\/product\/ve-de-di-tote-bag\/"},"modified":"2025-04-24T19:41:49","modified_gmt":"2025-04-24T12:41:49","slug":"ve-de-di-tote-bag","status":"publish","type":"product","link":"https:\/\/ve-de-di.com\/en\/ve-de-di-tote-bag\/","title":{"rendered":"V\u1ec1 \u0110\u1ec3 \u0110i Tote Bag"},"content":{"rendered":"<p>Chunky cotton canvas V\u0110\u0110 tote bag, choose from royal blue or hot pink with our signature tumbling letters screen printed on the front and the V\u1ec1 \u0110\u1ec3 \u0110i definition on the back.<\/p>\n<p>This bag is made from 100% cotton canvas and screen-printed with an interior pocket. It should be washed at 30\u00b0C and can be ironed directly on the print. Dimensions: w34 x h42 (cm).<\/p>\n<div style=\"margin-top: 15px; font-family: helvetica, arial, sans-serif; font-size: 11pt;\"><em>Made in Vietnam <\/em><\/div>\n","protected":false},"excerpt":{"rendered":"<p>Chunky cotton canvas V\u0110\u0110 tote bag, choose from royal blue or hot pink with our signature tumbling letters screen printed on the front and the V\u1ec1 \u0110\u1ec3 \u0110i definition on the back.<\/p>\n<p>Made from 100% cotton canvas and hand screen printed, features an inside pocket. Can be washed at 30\u00b0 and ironed on the print. Dimensions 42cm x 34cm Made in Vietnam<\/p>\n","protected":false},"featured_media":773,"comment_status":"open","ping_status":"closed","template":"","meta":{"_acf_changed":false},"product_cat":[30],"product_tag":[],"acf":[],"_links":{"self":[{"href":"https:\/\/ve-de-di.com\/en\/wp-json\/wp\/v2\/product\/637"}],"collection":[{"href":"https:\/\/ve-de-di.com\/en\/wp-json\/wp\/v2\/product"}],"about":[{"href":"https:\/\/ve-de-di.com\/en\/wp-json\/wp\/v2\/types\/product"}],"replies":[{"embeddable":true,"href":"https:\/\/ve-de-di.com\/en\/wp-json\/wp\/v2\/comments?post=637"}],"wp:featuredmedia":[{"embeddable":true,"href":"https:\/\/ve-de-di.com\/en\/wp-json\/wp\/v2\/media\/773"}],"wp:attachment":[{"href":"https:\/\/ve-de-di.com\/en\/wp-json\/wp\/v2\/media?parent=637"}],"wp:term":[{"taxonomy":"product_cat","embeddable":true,"href":"https:\/\/ve-de-di.com\/en\/wp-json\/wp\/v2\/product_cat?post=637"},{"taxonomy":"product_tag","embeddable":true,"href":"https:\/\/ve-de-di.com\/en\/wp-json\/wp\/v2\/product_tag?post=637"}],"curies":[{"name":"wp","href":"https:\/\/api.w.org\/{rel}","templated":true}]}}